{"id":2006,"date":"2023-06-28T13:13:29","date_gmt":"2023-06-28T13:13:29","guid":{"rendered":"https:\/\/theblueportugal.com\/?page_id=2006"},"modified":"2025-07-22T17:45:27","modified_gmt":"2025-07-22T17:45:27","slug":"politica-de-privacidade","status":"publish","type":"page","link":"https:\/\/theblueportugal.com\/pt\/politica-de-privacidade\/","title":{"rendered":"Pol\u00edtica de Privacidade da Blue Portugal"},"content":{"rendered":"<div data-elementor-type=\"wp-page\" data-elementor-id=\"2006\" class=\"elementor elementor-2006\">\n\t\t\t\t\t\t<section class=\"elementor-section elementor-top-section elementor-element elementor-element-dd77f3a elementor-section-boxed elementor-section-height-default elementor-section-height-default\" data-id=\"dd77f3a\" data-element_type=\"section\" data-e-type=\"section\" data-settings=\"{&quot;background_background&quot;:&quot;classic&quot;}\">\n\t\t\t\t\t\t\t<div class=\"elementor-background-overlay\"><\/div>\n\t\t\t\t\t\t\t<div class=\"elementor-container elementor-column-gap-no\">\n\t\t\t\t\t<div class=\"elementor-column elementor-col-100 elementor-top-column elementor-element elementor-element-c40a9be\" data-id=\"c40a9be\" data-element_type=\"column\" data-e-type=\"column\">\n\t\t\t<div class=\"elementor-widget-wrap elementor-element-populated\">\n\t\t\t\t\t\t<div class=\"elementor-element elementor-element-8c132b2 elementor-widget__width-initial elementor-widget elementor-widget-heading\" data-id=\"8c132b2\" data-element_type=\"widget\" data-e-type=\"widget\" data-widget_type=\"heading.default\">\n\t\t\t\t\t<h1 class=\"elementor-heading-title elementor-size-default\">Pol\u00edtica de Privacidade da Blue Portugal<\/h1>\t\t\t\t<\/div>\n\t\t\t\t\t<\/div>\n\t\t<\/div>\n\t\t\t\t\t<\/div>\n\t\t<\/section>\n\t\t\t\t<section class=\"elementor-section elementor-top-section elementor-element elementor-element-2ddf5af4 elementor-section-boxed elementor-section-height-default elementor-section-height-default\" data-id=\"2ddf5af4\" data-element_type=\"section\" data-e-type=\"section\">\n\t\t\t\t\t\t<div class=\"elementor-container elementor-column-gap-default\">\n\t\t\t\t\t<div class=\"elementor-column elementor-col-100 elementor-top-column elementor-element elementor-element-6fb7a939\" data-id=\"6fb7a939\" data-element_type=\"column\" data-e-type=\"column\">\n\t\t\t<div class=\"elementor-widget-wrap elementor-element-populated\">\n\t\t\t\t\t\t<div class=\"elementor-element elementor-element-6a675907 elementor-widget elementor-widget-text-editor\" data-id=\"6a675907\" data-element_type=\"widget\" data-e-type=\"widget\" data-widget_type=\"text-editor.default\">\n\t\t\t\t\t\t\t\t\t\n<p>\u200bRespeitamos sua privacidade e estamos comprometidos em proteg\u00ea-la por meio de nossa conformidade com esta pol\u00edtica de privacidade (\u201cPol\u00edtica\u201d). Esta Pol\u00edtica descreve os tipos de informa\u00e7\u00f5es que podemos coletar de voc\u00ea ou que voc\u00ea pode fornecer (\u201cInforma\u00e7\u00f5es Pessoais\u201d) no site theblueportugal.com (\u201cSite\u201d ou \u201cServi\u00e7o\u201d) e qualquer um de seus produtos e servi\u00e7os relacionados (coletivamente, \u201c Servi\u00e7os\u201d), e nossas pr\u00e1ticas para coletar, usar, manter, proteger e divulgar essas Informa\u00e7\u00f5es Pessoais. Ele tamb\u00e9m descreve as op\u00e7\u00f5es dispon\u00edveis para voc\u00ea em rela\u00e7\u00e3o ao uso de suas informa\u00e7\u00f5es pessoais e como voc\u00ea pode acess\u00e1-las e atualiz\u00e1-las.<\/p>\n\n\n\n<p>Esta Pol\u00edtica \u00e9 um acordo juridicamente vinculativo entre si (\u201cUtilizador\u201d, \u201cvoc\u00ea\u201d ou \u201cseu\u201d) e a The Blue Portugal (\u201cThe Blue Portugal\u201d, \u201cn\u00f3s\u201d, \u201cn\u00f3s\u201d ou \u201cnosso\u201d). Se voc\u00ea est\u00e1 celebrando este contrato em nome de uma empresa ou outra entidade legal, voc\u00ea declara que tem autoridade para vincular tal entidade a este contrato, caso em que os termos \u201cUsu\u00e1rio\u201d, \u201cvoc\u00ea\u201d ou \u201cseu\u201d devem se referir a tal entidade. Se voc\u00ea n\u00e3o tiver tal autoridade, ou se n\u00e3o concordar com os termos deste acordo, voc\u00ea n\u00e3o deve aceitar este acordo e n\u00e3o pode acessar e usar o Site e os Servi\u00e7os. Ao acessar e usar o Site e os Servi\u00e7os, voc\u00ea reconhece que leu, entendeu e concorda em ficar vinculado aos termos desta Pol\u00edtica. Esta Pol\u00edtica n\u00e3o se aplica \u00e0s pr\u00e1ticas de empresas que n\u00e3o possu\u00edmos ou controlamos, ou a indiv\u00edduos que n\u00e3o empregamos ou gerenciamos.<\/p>\n\n\n\n<p><strong>Coleta autom\u00e1tica de informa\u00e7\u00f5es<\/strong><\/p>\n\n\n\n<p>Quando voc\u00ea abre o site, nossos servidores registram automaticamente as informa\u00e7\u00f5es que seu navegador envia. Esses dados podem incluir informa\u00e7\u00f5es como o endere\u00e7o IP do seu dispositivo, tipo e vers\u00e3o do navegador, tipo e vers\u00e3o do sistema operacional, prefer\u00eancias de idioma ou a p\u00e1gina da web que voc\u00ea visitou antes de acessar o site e servi\u00e7os, p\u00e1ginas do site e servi\u00e7os que voc\u00ea visita , o tempo gasto nessas p\u00e1ginas, informa\u00e7\u00f5es que voc\u00ea pesquisa no site, hor\u00e1rios e datas de acesso e outras estat\u00edsticas.<\/p>\n\n\n\n<p>As informa\u00e7\u00f5es coletadas automaticamente s\u00e3o usadas apenas para identificar poss\u00edveis casos de abuso e estabelecer informa\u00e7\u00f5es estat\u00edsticas sobre o uso e o tr\u00e1fego do site e dos servi\u00e7os. Essas informa\u00e7\u00f5es estat\u00edsticas n\u00e3o s\u00e3o agregadas de forma a identificar qualquer usu\u00e1rio espec\u00edfico do sistema.<\/p>\n\n\n\n<p><strong>Coleta de informa\u00e7\u00f5es pessoais<\/strong><\/p>\n\n\n\n<p>Voc\u00ea pode acessar e usar o Site e os Servi\u00e7os sem nos dizer quem voc\u00ea \u00e9 ou revelar qualquer informa\u00e7\u00e3o pela qual algu\u00e9m possa identific\u00e1-lo como um indiv\u00edduo espec\u00edfico e identific\u00e1vel. Se, no entanto, voc\u00ea desejar usar alguns dos recursos oferecidos no site, poder\u00e1 ser solicitado que voc\u00ea forne\u00e7a algumas informa\u00e7\u00f5es pessoais (por exemplo, seu nome e endere\u00e7o de e-mail).<\/p>\n\n\n\n<p>Recebemos e armazenamos todas as informa\u00e7\u00f5es que voc\u00ea nos fornece conscientemente ao preencher qualquer formul\u00e1rio no site. Quando necess\u00e1rio, essas informa\u00e7\u00f5es podem incluir o seguinte:<\/p>\n\n\n\n<p>\u2013 Informa\u00e7\u00f5es de contato (como endere\u00e7o de e-mail, n\u00famero de telefone, etc.)<br>\u2013 Informa\u00e7\u00f5es pessoais b\u00e1sicas (como nome, pa\u00eds de resid\u00eancia, etc.)<\/p>\n\n\n\n<p>Voc\u00ea pode optar por n\u00e3o nos fornecer suas informa\u00e7\u00f5es pessoais, mas talvez n\u00e3o consiga aproveitar alguns dos recursos do site. Os usu\u00e1rios que n\u00e3o tiverem certeza sobre quais informa\u00e7\u00f5es s\u00e3o obrigat\u00f3rias podem entrar em contato conosco.<\/p>\n\n\n\n<p><strong>Privacidade das crian\u00e7as<\/strong><\/p>\n\n\n\n<p>N\u00e3o coletamos intencionalmente nenhuma informa\u00e7\u00e3o pessoal de crian\u00e7as menores de 18 anos. Se voc\u00ea for menor de 18 anos, n\u00e3o envie nenhuma informa\u00e7\u00e3o pessoal por meio do site e dos servi\u00e7os. Se voc\u00ea tiver motivos para acreditar que uma crian\u00e7a com menos de 18 anos nos forneceu informa\u00e7\u00f5es pessoais por meio do site e dos servi\u00e7os, entre em contato conosco para solicitar que excluamos as informa\u00e7\u00f5es pessoais dessa crian\u00e7a de nossos servi\u00e7os.<\/p>\n\n\n\n<p>Incentivamos os pais e respons\u00e1veis legais a monitorar o uso da Internet por seus filhos e a ajudar a aplicar esta Pol\u00edtica, instruindo seus filhos a nunca fornecer Informa\u00e7\u00f5es Pessoais por meio do Site e dos Servi\u00e7os sem a permiss\u00e3o deles. Pedimos tamb\u00e9m que todos os pais e respons\u00e1veis legais que supervisionam o cuidado de crian\u00e7as tomem as precau\u00e7\u00f5es necess\u00e1rias para garantir que seus filhos sejam instru\u00eddos a nunca fornecer Informa\u00e7\u00f5es Pessoais quando estiverem online sem sua permiss\u00e3o.<\/p>\n\n\n\n<p><strong>Uso e processamento das informa\u00e7\u00f5es coletadas<\/strong><\/p>\n\n\n\n<p>Atuamos como controlador de dados e processador de dados ao lidar com informa\u00e7\u00f5es pessoais, a menos que tenhamos celebrado um contrato de processamento de dados com voc\u00ea, caso em que voc\u00ea seria o controlador de dados e n\u00f3s ser\u00edamos o processador de dados.<\/p>\n\n\n\n<p>Nosso papel tamb\u00e9m pode diferir dependendo da situa\u00e7\u00e3o espec\u00edfica envolvendo Informa\u00e7\u00f5es Pessoais. Atuamos na qualidade de controlador de dados quando solicitamos que voc\u00ea envie suas Informa\u00e7\u00f5es Pessoais necess\u00e1rias para garantir seu acesso e uso do Site e dos Servi\u00e7os. Nesses casos, somos um controlador de dados porque determinamos os prop\u00f3sitos e os meios de processamento de Informa\u00e7\u00f5es Pessoais.<\/p>\n\n\n\n<p>Atuamos na qualidade de processador de dados em situa\u00e7\u00f5es em que voc\u00ea envia Informa\u00e7\u00f5es Pessoais por meio do Site e dos Servi\u00e7os. N\u00e3o possu\u00edmos, controlamos ou tomamos decis\u00f5es sobre as Informa\u00e7\u00f5es Pessoais enviadas, e essas Informa\u00e7\u00f5es Pessoais s\u00e3o processadas apenas de acordo com suas instru\u00e7\u00f5es. Nesses casos, o Usu\u00e1rio que fornece as Informa\u00e7\u00f5es Pessoais atua como um controlador de dados.<\/p>\n\n\n\n<p>Para disponibilizar o Site e os Servi\u00e7os para voc\u00ea, ou para cumprir uma obriga\u00e7\u00e3o legal, podemos precisar coletar e usar certas Informa\u00e7\u00f5es Pessoais. Se voc\u00ea n\u00e3o fornecer as informa\u00e7\u00f5es que solicitamos, talvez n\u00e3o possamos fornecer os produtos ou servi\u00e7os solicitados. Qualquer informa\u00e7\u00e3o que coletamos de voc\u00ea pode ser usada para os seguintes prop\u00f3sitos:<\/p>\n\n\n\n<p>\u2013 Responder a perguntas e oferecer suporte<br>\u2013 Executar e operar o site e os servi\u00e7os<\/p>\n\n\n\n<p>O processamento de suas Informa\u00e7\u00f5es Pessoais depende de como voc\u00ea interage com o Site e os Servi\u00e7os, onde voc\u00ea est\u00e1 localizado no mundo e se uma das seguintes situa\u00e7\u00f5es se aplica: (i) voc\u00ea deu seu consentimento para um ou mais prop\u00f3sitos espec\u00edficos; (ii) o fornecimento de informa\u00e7\u00f5es \u00e9 necess\u00e1rio para a execu\u00e7\u00e3o de um contrato com voc\u00ea e\/ou para quaisquer obriga\u00e7\u00f5es pr\u00e9-contratuais do mesmo; (iii) o tratamento for necess\u00e1rio para o cumprimento de uma obriga\u00e7\u00e3o legal a que esteja sujeito; (iv) o processamento est\u00e1 relacionado a uma tarefa realizada no interesse p\u00fablico ou no exerc\u00edcio de autoridade oficial que nos foi conferida; (v) o tratamento for necess\u00e1rio para efeitos dos interesses leg\u00edtimos prosseguidos por n\u00f3s ou por terceiros.<\/p>\n\n\n\n<p>Observe que, de acordo com algumas legisla\u00e7\u00f5es, podemos processar informa\u00e7\u00f5es at\u00e9 que voc\u00ea se oponha a esse processamento, optando por n\u00e3o participar, sem depender do consentimento ou de qualquer outra base legal. Em qualquer caso, teremos o maior prazer em esclarecer a base legal espec\u00edfica que se aplica ao processamento e, em particular, se o fornecimento de Informa\u00e7\u00f5es Pessoais \u00e9 um requisito legal ou contratual, ou um requisito necess\u00e1rio para celebrar um contrato.<\/p>\n\n\n\n<p><strong>Divulga\u00e7\u00e3o de informa\u00e7\u00f5es<\/strong><\/p>\n\n\n\n<p>Dependendo dos Servi\u00e7os solicitados ou conforme necess\u00e1rio para concluir qualquer transa\u00e7\u00e3o ou fornecer qualquer Servi\u00e7o que voc\u00ea solicitou, podemos compartilhar suas informa\u00e7\u00f5es com nossas afiliadas, empresas contratadas e provedores de servi\u00e7os (coletivamente, \u201cProvedores de Servi\u00e7os\u201d) dos quais dependemos para ajudar no opera\u00e7\u00e3o do site e servi\u00e7os dispon\u00edveis para voc\u00ea e cujas pol\u00edticas de privacidade s\u00e3o consistentes com as nossas ou que concordam em cumprir nossas pol\u00edticas com rela\u00e7\u00e3o a informa\u00e7\u00f5es pessoais. N\u00e3o compartilharemos nenhuma informa\u00e7\u00e3o de identifica\u00e7\u00e3o pessoal com terceiros e n\u00e3o compartilharemos nenhuma informa\u00e7\u00e3o com terceiros n\u00e3o afiliados.<\/p>\n\n\n\n<p>Os provedores de servi\u00e7os n\u00e3o est\u00e3o autorizados a usar ou divulgar suas informa\u00e7\u00f5es, exceto conforme necess\u00e1rio para realizar servi\u00e7os em nosso nome ou cumprir requisitos legais. Os provedores de servi\u00e7os recebem as informa\u00e7\u00f5es de que precisam apenas para desempenhar suas fun\u00e7\u00f5es designadas, e n\u00e3o os autorizamos a usar ou divulgar nenhuma das informa\u00e7\u00f5es fornecidas para seu pr\u00f3prio marketing ou outros fins.<\/p>\n\n\n\n<p><strong>Reten\u00e7\u00e3o de informa\u00e7\u00f5es<\/strong><\/p>\n\n\n\n<p>Reteremos e usaremos suas informa\u00e7\u00f5es pessoais pelo per\u00edodo necess\u00e1rio para cumprir nossas obriga\u00e7\u00f5es legais, fazer cumprir nossos contratos, resolver disputas e, a menos que um per\u00edodo de reten\u00e7\u00e3o mais longo seja exigido ou permitido por lei.<\/p>\n\n\n\n<p>Podemos usar quaisquer dados agregados derivados ou incorporados de suas Informa\u00e7\u00f5es Pessoais ap\u00f3s voc\u00ea atualiz\u00e1-las ou exclu\u00ed-las, mas n\u00e3o de maneira que possa identific\u00e1-lo pessoalmente. Assim que o per\u00edodo de reten\u00e7\u00e3o expirar, as Informa\u00e7\u00f5es Pessoais ser\u00e3o exclu\u00eddas. Portanto, o direito de acesso, o direito ao apagamento, o direito \u00e0 retifica\u00e7\u00e3o e o direito \u00e0 portabilidade dos dados n\u00e3o podem ser exercidos ap\u00f3s a expira\u00e7\u00e3o do per\u00edodo de reten\u00e7\u00e3o.<\/p>\n\n\n\n<p><strong>Biscoitos<\/strong><\/p>\n\n\n\n<p>Nosso site e servi\u00e7os usam \u201ccookies\u201d para ajudar a personalizar sua experi\u00eancia online. Um cookie \u00e9 um arquivo de texto que \u00e9 colocado em seu disco r\u00edgido por um servidor de p\u00e1gina da web. Os cookies n\u00e3o podem ser usados para executar programas ou enviar v\u00edrus para o seu computador. Os cookies s\u00e3o atribu\u00eddos exclusivamente a voc\u00ea e s\u00f3 podem ser lidos por um servidor da web no dom\u00ednio que emitiu o cookie para voc\u00ea.<\/p>\n\n\n\n<p>Podemos usar cookies para coletar, armazenar e rastrear informa\u00e7\u00f5es para seguran\u00e7a e personaliza\u00e7\u00e3o e para fins estat\u00edsticos. Observe que voc\u00ea pode aceitar ou recusar cookies. A maioria dos navegadores da web aceita cookies automaticamente por padr\u00e3o, mas voc\u00ea pode modificar as configura\u00e7\u00f5es do seu navegador para recusar cookies, se preferir.<\/p>\n\n\n\n<p><strong>An\u00e1lise de dados<\/strong><\/p>\n\n\n\n<p>Nosso site e servi\u00e7os podem usar ferramentas de an\u00e1lise de terceiros que usam cookies, web beacons ou outras tecnologias semelhantes de coleta de informa\u00e7\u00f5es para coletar informa\u00e7\u00f5es padr\u00e3o de uso e atividade da Internet. As informa\u00e7\u00f5es coletadas s\u00e3o usadas para compilar relat\u00f3rios estat\u00edsticos sobre a atividade do usu\u00e1rio, como com que frequ\u00eancia os usu\u00e1rios visitam nosso site e servi\u00e7os, quais p\u00e1ginas visitam e por quanto tempo, etc. Usamos as informa\u00e7\u00f5es obtidas dessas ferramentas de an\u00e1lise para monitorar o desempenho e melhorar nosso Site e Servi\u00e7os.<\/p>\n\n\n\n<p><strong>N\u00e3o rastrear sinais<\/strong><\/p>\n\n\n\n<p>Alguns navegadores incorporam um recurso N\u00e3o rastrear que sinaliza aos sites que voc\u00ea visita que n\u00e3o deseja que sua atividade online seja rastreada. Rastreamento n\u00e3o \u00e9 o mesmo que usar ou coletar informa\u00e7\u00f5es relacionadas a um site. Para esses fins, o rastreamento refere-se \u00e0 coleta de informa\u00e7\u00f5es de identifica\u00e7\u00e3o pessoal dos consumidores que usam ou visitam um site ou servi\u00e7o online \u00e0 medida que navegam por diferentes sites ao longo do tempo. O site e os servi\u00e7os n\u00e3o rastreiam seus visitantes ao longo do tempo e em sites de terceiros. No entanto, alguns sites de terceiros podem rastrear suas atividades de navega\u00e7\u00e3o quando fornecem conte\u00fado a voc\u00ea, o que permite que eles personalizem o que apresentam a voc\u00ea. Para obter uma descri\u00e7\u00e3o dos protocolos Do Not Track para navegadores e dispositivos m\u00f3veis ou para saber mais sobre as op\u00e7\u00f5es dispon\u00edveis para voc\u00ea, visite internetcookies.com<\/p>\n\n\n\n<p><strong>Recursos de m\u00eddia social<\/strong><\/p>\n\n\n\n<p>Nosso site e servi\u00e7os podem incluir recursos de m\u00eddia social, como os bot\u00f5es Facebook e Twitter, bot\u00f5es Compartilhar, etc. (coletivamente, \u201cRecursos de m\u00eddia social\u201d). Esses recursos de m\u00eddia social podem coletar seu endere\u00e7o IP, qual p\u00e1gina voc\u00ea est\u00e1 visitando em nosso site e servi\u00e7os e podem definir um cookie para permitir que os recursos de m\u00eddia social funcionem corretamente. Os recursos de m\u00eddia social s\u00e3o hospedados por seus respectivos provedores ou diretamente em nosso site e servi\u00e7os. Suas intera\u00e7\u00f5es com esses recursos de m\u00eddia social s\u00e3o regidas pela pol\u00edtica de privacidade de seus respectivos provedores.<\/p>\n\n\n\n<p><strong>Marketing de email<\/strong><\/p>\n\n\n\n<p>Oferecemos newsletters eletr\u00f4nicas nas quais voc\u00ea pode se inscrever voluntariamente a qualquer momento. Estamos comprometidos em manter seu endere\u00e7o de e-mail confidencial e n\u00e3o divulgaremos seu endere\u00e7o de e-mail a terceiros, exceto conforme permitido na se\u00e7\u00e3o de uso e processamento de informa\u00e7\u00f5es ou para fins de utiliza\u00e7\u00e3o de um provedor terceirizado para enviar tais e-mails. Manteremos as informa\u00e7\u00f5es enviadas por e-mail de acordo com as leis e regulamentos aplic\u00e1veis.<\/p>\n\n\n\n<p>Em conformidade com a Lei CAN-SPAM, todos os e-mails enviados por n\u00f3s indicar\u00e3o claramente de quem \u00e9 o e-mail e fornecer\u00e3o informa\u00e7\u00f5es claras sobre como entrar em contato com o remetente. Voc\u00ea pode optar por parar de receber nosso boletim informativo ou e-mails de marketing seguindo as instru\u00e7\u00f5es de cancelamento de inscri\u00e7\u00e3o inclu\u00eddas nesses e-mails ou entrando em contato conosco.<\/p>\n\n\n\n<p><strong>Links para outros recursos<\/strong><\/p>\n\n\n\n<p>O Site e os Servi\u00e7os cont\u00eam links para outros recursos que n\u00e3o s\u00e3o de nossa propriedade ou controlados por n\u00f3s. Esteja ciente de que n\u00e3o somos respons\u00e1veis pelas pr\u00e1ticas de privacidade de tais outros recursos ou terceiros. Incentivamos voc\u00ea a ficar atento ao sair do Site e dos Servi\u00e7os e a ler as declara\u00e7\u00f5es de privacidade de todo e qualquer recurso que possa coletar Informa\u00e7\u00f5es Pessoais.<\/p>\n\n\n\n<p><strong>seguran\u00e7a da informa\u00e7\u00e3o<\/strong><\/p>\n\n\n\n<p>Protegemos as informa\u00e7\u00f5es que voc\u00ea fornece em servidores de computador em um ambiente controlado e seguro, protegido contra acesso, uso ou divulga\u00e7\u00e3o n\u00e3o autorizados. Mantemos salvaguardas administrativas, t\u00e9cnicas e f\u00edsicas razo\u00e1veis em um esfor\u00e7o para proteger contra acesso n\u00e3o autorizado, uso, modifica\u00e7\u00e3o e divulga\u00e7\u00e3o de Informa\u00e7\u00f5es Pessoais sob nosso controle e cust\u00f3dia. No entanto, nenhuma transmiss\u00e3o de dados pela Internet ou rede sem fio pode ser garantida.<\/p>\n\n\n\n<p>Portanto, embora nos esforcemos para proteger suas informa\u00e7\u00f5es pessoais, voc\u00ea reconhece que (i) existem limita\u00e7\u00f5es de seguran\u00e7a e privacidade na Internet que est\u00e3o al\u00e9m de nosso controle; (ii) a seguran\u00e7a, integridade e privacidade de toda e qualquer informa\u00e7\u00e3o e dados trocados entre voc\u00ea e o Site e Servi\u00e7os n\u00e3o podem ser garantidos; e (iii) tais informa\u00e7\u00f5es e dados podem ser visualizados ou adulterados em tr\u00e2nsito por terceiros, apesar dos melhores esfor\u00e7os.<\/p>\n\n\n\n<p><strong>Viola\u00e7\u00e3o de dados<\/strong><\/p>\n\n\n\n<p>Caso tomemos conhecimento de que a seguran\u00e7a do Site e dos Servi\u00e7os foi comprometida ou que as Informa\u00e7\u00f5es Pessoais dos Usu\u00e1rios foram divulgadas a terceiros n\u00e3o relacionados como resultado de atividade externa, incluindo, entre outros, ataques de seguran\u00e7a ou fraude, nos reservamos o direito de tomar medidas razoavelmente apropriadas, incluindo, mas n\u00e3o se limitando a, investiga\u00e7\u00e3o e den\u00fancia, bem como notifica\u00e7\u00e3o e coopera\u00e7\u00e3o com as autoridades policiais. No caso de uma viola\u00e7\u00e3o de dados, faremos esfor\u00e7os razo\u00e1veis para notificar os indiv\u00edduos afetados se acreditarmos que h\u00e1 um risco razo\u00e1vel de dano ao usu\u00e1rio como resultado da viola\u00e7\u00e3o ou se o aviso for exigido por lei. Quando o fizermos, publicaremos um aviso no site.<\/p>\n\n\n\n<p><strong>Mudan\u00e7as e emendas<\/strong><\/p>\n\n\n\n<p>Reservamo-nos o direito de modificar esta Pol\u00edtica ou seus termos relacionados ao Site e Servi\u00e7os a qualquer momento, a nosso crit\u00e9rio. Quando o fizermos, revisaremos a data atualizada na parte inferior desta p\u00e1gina. Tamb\u00e9m podemos notific\u00e1-lo de outras maneiras, a nosso crit\u00e9rio, como por meio das informa\u00e7\u00f5es de contato que voc\u00ea forneceu.<\/p>\n\n\n\n<p>Uma vers\u00e3o atualizada desta Pol\u00edtica entrar\u00e1 em vigor imediatamente ap\u00f3s a publica\u00e7\u00e3o da Pol\u00edtica revisada, a menos que especificado de outra forma. Seu uso continuado do Site e dos Servi\u00e7os ap\u00f3s a data de vig\u00eancia da Pol\u00edtica revisada (ou qualquer outro ato especificado naquele momento) constituir\u00e1 seu consentimento com essas altera\u00e7\u00f5es. No entanto, n\u00e3o iremos, sem o seu consentimento, usar suas informa\u00e7\u00f5es pessoais de maneira materialmente diferente do que foi declarado no momento em que suas informa\u00e7\u00f5es pessoais foram coletadas.<\/p>\n\n\n\n<p><strong>Aceita\u00e7\u00e3o desta pol\u00edtica<\/strong><\/p>\n\n\n\n<p>Voc\u00ea reconhece que leu esta Pol\u00edtica e concorda com todos os seus termos e condi\u00e7\u00f5es. Ao acessar e usar o Site e os Servi\u00e7os e enviar suas informa\u00e7\u00f5es, voc\u00ea concorda em ficar vinculado a esta Pol\u00edtica. Se voc\u00ea n\u00e3o concordar em cumprir os termos desta Pol\u00edtica, n\u00e3o est\u00e1 autorizado a acessar ou usar o Site e os Servi\u00e7os. Esta pol\u00edtica de privacidade foi criada com a ajuda de https:\/\/www.websitepolicies.com\/privacy-policy-generator<\/p>\n\n\n\n<p><strong>Entrando em contato conosco<\/strong><\/p>\n\n\n\n<p>Se voc\u00ea tiver alguma d\u00favida, preocupa\u00e7\u00e3o ou reclama\u00e7\u00e3o sobre esta Pol\u00edtica, as informa\u00e7\u00f5es que mantemos sobre voc\u00ea ou se desejar exercer seus direitos, recomendamos que voc\u00ea entre em contato conosco usando os detalhes abaixo:<\/p>\n\n\n\n<p>info@theblueportugal.com<\/p>\n\n\n\n<p>Tentaremos resolver reclama\u00e7\u00f5es e disputas e faremos todos os esfor\u00e7os razo\u00e1veis para honrar seu desejo de exercer seus direitos o mais r\u00e1pido poss\u00edvel e, em qualquer caso, dentro dos prazos fornecidos pelas leis de prote\u00e7\u00e3o de dados aplic\u00e1veis.<\/p>\n\n\n\n<p>Este documento foi atualizado pela \u00faltima vez em 28 de junho de 2023<\/p>\n\t\t\t\t\t\t\t\t<\/div>\n\t\t\t\t\t<\/div>\n\t\t<\/div>\n\t\t\t\t\t<\/div>\n\t\t<\/section>\n\t\t\t\t<\/div>","protected":false},"excerpt":{"rendered":"<p>\u200bWe respect your privacy and are committed to protecting it through our compliance with this privacy policy (\u201cPolicy\u201d). This Policy describes the types of information we may collect from you or that you may provide (\u201cPersonal Information\u201d) on the theblueportugal.com website (\u201cWebsite\u201d or \u201cService\u201d) and any of its related products and services (collectively, \u201cServices\u201d), and [&hellip;]<\/p>\n","protected":false},"author":1,"featured_media":0,"parent":0,"menu_order":0,"comment_status":"closed","ping_status":"closed","template":"elementor_header_footer","meta":{"_acf_changed":false,"footnotes":""},"class_list":["post-2006","page","type-page","status-publish","hentry"],"acf":[],"_links":{"self":[{"href":"https:\/\/theblueportugal.com\/pt\/wp-json\/wp\/v2\/pages\/2006","targetHints":{"allow":["GET"]}}],"collection":[{"href":"https:\/\/theblueportugal.com\/pt\/wp-json\/wp\/v2\/pages"}],"about":[{"href":"https:\/\/theblueportugal.com\/pt\/wp-json\/wp\/v2\/types\/page"}],"author":[{"embeddable":true,"href":"https:\/\/theblueportugal.com\/pt\/wp-json\/wp\/v2\/users\/1"}],"replies":[{"embeddable":true,"href":"https:\/\/theblueportugal.com\/pt\/wp-json\/wp\/v2\/comments?post=2006"}],"version-history":[{"count":0,"href":"https:\/\/theblueportugal.com\/pt\/wp-json\/wp\/v2\/pages\/2006\/revisions"}],"wp:attachment":[{"href":"https:\/\/theblueportugal.com\/pt\/wp-json\/wp\/v2\/media?parent=2006"}],"curies":[{"name":"wp","href":"https:\/\/api.w.org\/{rel}","templated":true}]}}