{"id":1412,"date":"2025-01-29T08:18:56","date_gmt":"2025-01-29T08:18:56","guid":{"rendered":"https:\/\/theblueportugal.com\/?page_id=1412"},"modified":"2025-07-24T18:49:32","modified_gmt":"2025-07-24T18:49:32","slug":"blue-investment-funds","status":"publish","type":"page","link":"https:\/\/theblueportugal.com\/fr\/blue-investment-funds\/","title":{"rendered":"fonds<br>d'investissement"},"content":{"rendered":"<div data-elementor-type=\"wp-page\" data-elementor-id=\"1412\" class=\"elementor elementor-1412\">\n\t\t\t\t\t\t<section class=\"elementor-section elementor-top-section elementor-element elementor-element-c583485 elementor-section-boxed elementor-section-height-default elementor-section-height-default\" data-id=\"c583485\" data-element_type=\"section\" data-e-type=\"section\" data-settings=\"{&quot;background_background&quot;:&quot;classic&quot;}\">\n\t\t\t\t\t\t\t<div class=\"elementor-background-overlay\"><\/div>\n\t\t\t\t\t\t\t<div class=\"elementor-container elementor-column-gap-no\">\n\t\t\t\t\t<div class=\"elementor-column elementor-col-100 elementor-top-column elementor-element elementor-element-12f8b7a\" data-id=\"12f8b7a\" data-element_type=\"column\" data-e-type=\"column\">\n\t\t\t<div class=\"elementor-widget-wrap elementor-element-populated\">\n\t\t\t\t\t\t<div class=\"elementor-element elementor-element-42f24b2 elementor-widget__width-initial elementor-widget elementor-widget-heading\" data-id=\"42f24b2\" data-element_type=\"widget\" data-e-type=\"widget\" data-widget_type=\"heading.default\">\n\t\t\t\t\t<h1 class=\"elementor-heading-title elementor-size-default\">fonds<br>d'investissement<\/h1>\t\t\t\t<\/div>\n\t\t\t\t<div class=\"elementor-element elementor-element-aeb2dbf elementor-widget elementor-widget-heading\" data-id=\"aeb2dbf\" data-element_type=\"widget\" data-e-type=\"widget\" data-widget_type=\"heading.default\">\n\t\t\t\t\t<h6 class=\"elementor-heading-title elementor-size-default\">Les fonds de capital-risque deviennent le moyen le plus populaire d&#039;obtenir le Golden Visa du Portugal<\/h6>\t\t\t\t<\/div>\n\t\t\t\t<div class=\"jet-popup-target elementor-element elementor-element-8ba29ac elementor-widget elementor-widget-raven-button\" data-jet-popup=\"{&quot;attached-popup&quot;:&quot;jet-popup-164&quot;,&quot;trigger-type&quot;:&quot;click-self&quot;,&quot;trigger-custom-selector&quot;:&quot;&quot;}\" data-id=\"8ba29ac\" data-element_type=\"widget\" data-e-type=\"widget\" data-settings=\"{&quot;turn_to_popup_action_button&quot;:&quot;no&quot;}\" data-widget_type=\"raven-button.default\">\n\t\t\t\t<div class=\"elementor-widget-container\">\n\t\t\t\t\t\t\t<div class=\"raven-widget-wrapper\">\n\t\t\t<a class=\"raven-button raven-button-widget-normal-effect-none  raven-button-text-align-center raven-button-link elementor-animation-none\" href=\"https:\/\/theblueportugal.com\/fr\/contact\/\">\t\t\t\t<div class=\"raven-button-overlay\" ><\/div>\n\t\t\t\t<span class=\"raven-button-content\">\n\t\t\t\t\t\n\t\t\t\t\t<div class=\"button-text-container\">\n\t\t\t\t\t\t\t\t\t\t\t\t<div class=\"raven-button-texts-wrapper\">\n\t\t\t\t\t\t\t<div class=\"button-text\">\n\t\t\t\t\t\t\t\t<span class=\"raven-button-text\">\n\t\t\t\t\t\t\t\t\tContactez-nous\t\t\t\t\t\t\t\t<\/span>\n\t\t\t\t\t\t\t<\/div>\n\t\t\t\t\t\t\t\t\t\t\t\t\t<\/div>\n\t\t\t\t\t\t\t\t\t\t\t<\/div>\n\t\t\t\t\t\n\t\t\t\t\t\t\t\t\t<\/span>\n\t\t\t<\/a>\t\t<\/div>\n\t\t\t\t\t\t<\/div>\n\t\t\t\t<\/div>\n\t\t\t\t\t<\/div>\n\t\t<\/div>\n\t\t\t\t\t<\/div>\n\t\t<\/section>\n\t\t\t\t<section class=\"elementor-section elementor-top-section elementor-element elementor-element-1a4ebde elementor-section-full_width elementor-section-height-default elementor-section-height-default\" data-id=\"1a4ebde\" data-element_type=\"section\" data-e-type=\"section\">\n\t\t\t\t\t\t<div class=\"elementor-container elementor-column-gap-no\">\n\t\t\t\t\t<div class=\"elementor-column elementor-col-50 elementor-top-column elementor-element elementor-element-20a9702\" data-id=\"20a9702\" data-element_type=\"column\" data-e-type=\"column\">\n\t\t\t<div class=\"elementor-widget-wrap elementor-element-populated\">\n\t\t\t\t\t\t<div class=\"elementor-element elementor-element-66bcdcb elementor-widget elementor-widget-heading\" data-id=\"66bcdcb\" data-element_type=\"widget\" data-e-type=\"widget\" data-widget_type=\"heading.default\">\n\t\t\t\t\t<h2 class=\"elementor-heading-title elementor-size-default\">L&#039;investissement minimum est de 500 mille euros.\n<\/h2>\t\t\t\t<\/div>\n\t\t\t\t<div class=\"elementor-element elementor-element-38198cf elementor-widget elementor-widget-text-editor\" data-id=\"38198cf\" data-element_type=\"widget\" data-e-type=\"widget\" data-widget_type=\"text-editor.default\">\n\t\t\t\t\t\t\t\t\t<p>Les fonds de capital-risque sont un moyen tr\u00e8s populaire d&#039;investir pour obtenir <a href=\"https:\/\/theblueportugal.com\/fr\/visas-pour-le-portugal\/portugal-golden-visa-and-residency-citizenship-d9\/\">Le Golden Visa du Portugal<\/a>.<\/p><p>L&#039;investissement minimum est de 500 mille euros. Vous pouvez diviser le montant investi en plusieurs fonds pour diversifier et r\u00e9duire votre risque.<\/p><p><a href=\"https:\/\/theblueportugal.com\/fr\/blue-investment-funds\/fonds-bleus\/\">Voir les fonds d&#039;investissement \u00e9ligibles pour le Golden Visa Portugal<\/a><\/p>\t\t\t\t\t\t\t\t<\/div>\n\t\t\t\t\t<\/div>\n\t\t<\/div>\n\t\t\t\t<div class=\"elementor-column elementor-col-50 elementor-top-column elementor-element elementor-element-a5a0c7f\" data-id=\"a5a0c7f\" data-element_type=\"column\" data-e-type=\"column\">\n\t\t\t<div class=\"elementor-widget-wrap elementor-element-populated\">\n\t\t\t\t\t\t<div class=\"elementor-element elementor-element-2c38d96 elementor-widget elementor-widget-raven-image\" data-id=\"2c38d96\" data-element_type=\"widget\" data-e-type=\"widget\" data-widget_type=\"raven-image.default\">\n\t\t\t\t<div class=\"elementor-widget-container\">\n\t\t\t\t\t\t\t<div class=\"raven-image\">\n\t\t\n\t\t\n\t\t<img fetchpriority=\"high\" decoding=\"async\" width=\"997\" height=\"661\" src=\"https:\/\/theblueportugal.com\/wp-content\/uploads\/2023\/06\/investment_funds_portugal-2023-blue-portugal.jpg\" class=\"attachment-full size-full wp-image-1588\" alt=\"\" srcset=\"\/\/theblueportugal.com\/wp-content\/uploads\/2023\/06\/investment_funds_portugal-2023-blue-portugal.jpg 997w, \/\/theblueportugal.com\/wp-content\/uploads\/2023\/06\/investment_funds_portugal-2023-blue-portugal-300x199.jpg 300w, \/\/theblueportugal.com\/wp-content\/uploads\/2023\/06\/investment_funds_portugal-2023-blue-portugal-768x509.jpg 768w, \/\/theblueportugal.com\/wp-content\/uploads\/2023\/06\/investment_funds_portugal-2023-blue-portugal-18x12.jpg 18w\" sizes=\"(max-width: 997px) 100vw, 997px\" \/>\t\t<\/div>\n\t\t\t\t\t\t<\/div>\n\t\t\t\t<\/div>\n\t\t\t\t\t<\/div>\n\t\t<\/div>\n\t\t\t\t\t<\/div>\n\t\t<\/section>\n\t\t\t\t<section class=\"elementor-section elementor-top-section elementor-element elementor-element-311746a elementor-section-full_width elementor-reverse-mobile elementor-reverse-tablet elementor-section-height-default elementor-section-height-default\" data-id=\"311746a\" data-element_type=\"section\" data-e-type=\"section\">\n\t\t\t\t\t\t<div class=\"elementor-container elementor-column-gap-no\">\n\t\t\t\t\t<div class=\"elementor-column elementor-col-50 elementor-top-column elementor-element elementor-element-9f90a9c\" data-id=\"9f90a9c\" data-element_type=\"column\" data-e-type=\"column\" data-settings=\"{&quot;background_background&quot;:&quot;classic&quot;}\">\n\t\t\t<div class=\"elementor-widget-wrap elementor-element-populated\">\n\t\t\t\t\t\t<div class=\"elementor-element elementor-element-4f8d53c elementor-widget elementor-widget-raven-image\" data-id=\"4f8d53c\" data-element_type=\"widget\" data-e-type=\"widget\" data-widget_type=\"raven-image.default\">\n\t\t\t\t<div class=\"elementor-widget-container\">\n\t\t\t\t\t\t\t<div class=\"raven-image\">\n\t\t\n\t\t\n\t\t<img decoding=\"async\" width=\"897\" height=\"597\" src=\"https:\/\/theblueportugal.com\/wp-content\/uploads\/2023\/06\/investment_funds_portugal-company-2023.jpg\" class=\"attachment-full size-full wp-image-1589\" alt=\"\" srcset=\"\/\/theblueportugal.com\/wp-content\/uploads\/2023\/06\/investment_funds_portugal-company-2023.jpg 897w, \/\/theblueportugal.com\/wp-content\/uploads\/2023\/06\/investment_funds_portugal-company-2023-300x200.jpg 300w, \/\/theblueportugal.com\/wp-content\/uploads\/2023\/06\/investment_funds_portugal-company-2023-768x511.jpg 768w, \/\/theblueportugal.com\/wp-content\/uploads\/2023\/06\/investment_funds_portugal-company-2023-18x12.jpg 18w\" sizes=\"(max-width: 897px) 100vw, 897px\" \/>\t\t<\/div>\n\t\t\t\t\t\t<\/div>\n\t\t\t\t<\/div>\n\t\t\t\t\t<\/div>\n\t\t<\/div>\n\t\t\t\t<div class=\"elementor-column elementor-col-50 elementor-top-column elementor-element elementor-element-7253f54\" data-id=\"7253f54\" data-element_type=\"column\" data-e-type=\"column\" data-settings=\"{&quot;background_background&quot;:&quot;classic&quot;}\">\n\t\t\t<div class=\"elementor-widget-wrap elementor-element-populated\">\n\t\t\t\t\t\t<div class=\"elementor-element elementor-element-b250971 elementor-widget elementor-widget-text-editor\" data-id=\"b250971\" data-element_type=\"widget\" data-e-type=\"widget\" data-widget_type=\"text-editor.default\">\n\t\t\t\t\t\t\t\t\t<p>Les fonds sont un excellent moyen d&#039;obtenir une diversification, car le fonds investira dans un ensemble d&#039;actifs et non dans un seul actif comme vous le feriez probablement si vous investissiez dans l&#039;immobilier.<\/p><p>Les fonds de capital-risque au Portugal sont r\u00e9glement\u00e9s et \u00e9troitement supervis\u00e9s par la Securities and Exchange Commission du Portugal (<a href=\"https:\/\/www.cmvm.pt\/en\/Pages\/homepage.aspx\" target=\"_blank\" rel=\"noopener\">CMVM<\/a>).<\/p><p>Les fonds sont audit\u00e9s par un auditeur externe, g\u00e9n\u00e9ralement par un grand cabinet d&#039;audit international.<\/p><p><strong>Les revenus des fonds de capital-investissement ne sont pas impos\u00e9s<\/strong>, et les revenus vers\u00e9s aux investisseurs ne sont pas non plus impos\u00e9s si l&#039;investisseur ne vit pas au Portugal (sauf pour ceux qui vivent dans certains &quot;paradis fiscaux&quot;).<\/p>\t\t\t\t\t\t\t\t<\/div>\n\t\t\t\t<div class=\"elementor-element elementor-element-a4b17aa elementor-widget elementor-widget-raven-button\" data-id=\"a4b17aa\" data-element_type=\"widget\" data-e-type=\"widget\" data-settings=\"{&quot;turn_to_popup_action_button&quot;:&quot;no&quot;}\" data-widget_type=\"raven-button.default\">\n\t\t\t\t<div class=\"elementor-widget-container\">\n\t\t\t\t\t\t\t<div class=\"raven-widget-wrapper\">\n\t\t\t<a class=\"raven-button raven-button-widget-normal-effect-none  raven-button-text-align-center raven-button-link elementor-animation-none\" href=\"https:\/\/theblueportugal.com\/fr\/contact\/\">\t\t\t\t<div class=\"raven-button-overlay\" ><\/div>\n\t\t\t\t<span class=\"raven-button-content\">\n\t\t\t\t\t\n\t\t\t\t\t<div class=\"button-text-container\">\n\t\t\t\t\t\t\t\t\t\t\t\t<div class=\"raven-button-texts-wrapper\">\n\t\t\t\t\t\t\t<div class=\"button-text\">\n\t\t\t\t\t\t\t\t<span class=\"raven-button-text\">\n\t\t\t\t\t\t\t\t\tContactez-nous\t\t\t\t\t\t\t\t<\/span>\n\t\t\t\t\t\t\t<\/div>\n\t\t\t\t\t\t\t\t\t\t\t\t\t<\/div>\n\t\t\t\t\t\t\t\t\t\t\t<\/div>\n\t\t\t\t\t\n\t\t\t\t\t\t\t\t\t<\/span>\n\t\t\t<\/a>\t\t<\/div>\n\t\t\t\t\t\t<\/div>\n\t\t\t\t<\/div>\n\t\t\t\t\t<\/div>\n\t\t<\/div>\n\t\t\t\t\t<\/div>\n\t\t<\/section>\n\t\t\t\t<section class=\"elementor-section elementor-top-section elementor-element elementor-element-c06f160 elementor-section-boxed elementor-section-height-default elementor-section-height-default\" data-id=\"c06f160\" data-element_type=\"section\" data-e-type=\"section\">\n\t\t\t\t\t\t<div class=\"elementor-container elementor-column-gap-no\">\n\t\t\t\t\t<div class=\"elementor-column elementor-col-100 elementor-top-column elementor-element elementor-element-f58ecc0\" data-id=\"f58ecc0\" data-element_type=\"column\" data-e-type=\"column\">\n\t\t\t<div class=\"elementor-widget-wrap elementor-element-populated\">\n\t\t\t\t\t\t<div class=\"elementor-element elementor-element-08ebc5d elementor-widget elementor-widget-text-editor\" data-id=\"08ebc5d\" data-element_type=\"widget\" data-e-type=\"widget\" data-widget_type=\"text-editor.default\">\n\t\t\t\t\t\t\t\t\t<p>The Blue Portugal a une vision unique du domaine des fonds, car les membres fondateurs de la soci\u00e9t\u00e9 ont pass\u00e9 la majeure partie de leur carri\u00e8re dans le domaine financier au niveau local et international et entretiennent des liens solides et de longue date avec les principaux acteurs de ce secteur au Portugal.<\/p>\t\t\t\t\t\t\t\t<\/div>\n\t\t\t\t\t<\/div>\n\t\t<\/div>\n\t\t\t\t\t<\/div>\n\t\t<\/section>\n\t\t\t\t<section class=\"elementor-section elementor-top-section elementor-element elementor-element-b134c25 elementor-section-full_width elementor-section-height-default elementor-section-height-default\" data-id=\"b134c25\" data-element_type=\"section\" data-e-type=\"section\">\n\t\t\t\t\t\t<div class=\"elementor-container elementor-column-gap-no\">\n\t\t\t\t\t<div class=\"elementor-column elementor-col-100 elementor-top-column elementor-element elementor-element-66cf712\" data-id=\"66cf712\" data-element_type=\"column\" data-e-type=\"column\">\n\t\t\t<div class=\"elementor-widget-wrap elementor-element-populated\">\n\t\t\t\t\t\t<div class=\"elementor-element elementor-element-d962301 raven-cta--skin-cover raven-cta--valign-middle elementor-animated-content raven-bg-transform raven-bg-transform-zoom-in elementor-widget elementor-widget-raven-call-to-action\" data-id=\"d962301\" data-element_type=\"widget\" data-e-type=\"widget\" data-widget_type=\"raven-call-to-action.default\">\n\t\t\t\t<div class=\"elementor-widget-container\">\n\t\t\t\t\t<div  class=\"raven-cta\">\n\t\t\t\t\t<div class=\"raven-cta__bg-wrapper\">\n\t\t\t\t<div class=\"raven-cta__bg raven-bg\" style=\"background-image: url(https:\/\/theblueportugal.com\/wp-content\/uploads\/2023\/06\/investment_funds_portugal-2023-.jpg);\"><\/div>\n\t\t\t\t<div class=\"raven-cta__bg-overlay\"><\/div>\n\t\t\t<\/div>\n\t\t\t\t\t\t\t\t\t\t<div class=\"raven-cta__content\">\n\t\t\t\t\n\t\t\t\t<h2 class=\"raven-cta__title raven-cta__content-item elementor-content-item elementor-animated-item--grow\">N&#039;h\u00e9sitez pas \u00e0 nous parler de cette voie d&#039;investissement. Vous ne le regretterez pas !<\/h2>\n\t\t\t\t\n\t\t\t\t\t\t\t\t\t<div class=\"raven-cta__button-wrapper raven-cta__content-item elementor-content-item elementor-animated-item--grow\">\n\t\t\t\t\t<a class=\"raven-cta__button elementor-button\" href=\"https:\/\/theblueportugal.com\/fr\/contact\/\">\n\t\t\t\t\t\tCONTACTEZ-NOUS\t\t\t\t\t<\/a>\n\t\t\t\t\t<\/div>\n\t\t\t\t\n\t\t\t\t\t\t\t<\/div>\n\t\t\t\t<\/div>\n\t\t\t\t\t\t<\/div>\n\t\t\t\t<\/div>\n\t\t\t\t\t<\/div>\n\t\t<\/div>\n\t\t\t\t\t<\/div>\n\t\t<\/section>\n\t\t\t\t<\/div>","protected":false},"excerpt":{"rendered":"<p>Venture Capital Funds are becoming the most popular way to obtain the Portugal&#8217;s Golden Visa Contact Us The minimum investment is 500 thousand Euros. Venture Capital Funds are a very popular way of investing to obtain Portugal&#8217;s Golden Visa. The minimum investment is 500 thousand Euros.\u00a0You can split the invested amount into several funds to [&hellip;]<\/p>\n","protected":false},"author":1,"featured_media":0,"parent":0,"menu_order":0,"comment_status":"closed","ping_status":"closed","template":"full-width.php","meta":{"_acf_changed":false,"footnotes":""},"class_list":["post-1412","page","type-page","status-publish","hentry"],"acf":[],"_links":{"self":[{"href":"https:\/\/theblueportugal.com\/fr\/wp-json\/wp\/v2\/pages\/1412","targetHints":{"allow":["GET"]}}],"collection":[{"href":"https:\/\/theblueportugal.com\/fr\/wp-json\/wp\/v2\/pages"}],"about":[{"href":"https:\/\/theblueportugal.com\/fr\/wp-json\/wp\/v2\/types\/page"}],"author":[{"embeddable":true,"href":"https:\/\/theblueportugal.com\/fr\/wp-json\/wp\/v2\/users\/1"}],"replies":[{"embeddable":true,"href":"https:\/\/theblueportugal.com\/fr\/wp-json\/wp\/v2\/comments?post=1412"}],"version-history":[{"count":0,"href":"https:\/\/theblueportugal.com\/fr\/wp-json\/wp\/v2\/pages\/1412\/revisions"}],"wp:attachment":[{"href":"https:\/\/theblueportugal.com\/fr\/wp-json\/wp\/v2\/media?parent=1412"}],"curies":[{"name":"wp","href":"https:\/\/api.w.org\/{rel}","templated":true}]}}