{"id":1312,"date":"2023-06-22T18:41:25","date_gmt":"2023-06-22T18:41:25","guid":{"rendered":"https:\/\/theblueportugal.com\/?page_id=1312"},"modified":"2025-09-24T06:31:42","modified_gmt":"2025-09-24T06:31:42","slug":"8-raisons-d-aimer-le-portugal","status":"publish","type":"page","link":"https:\/\/theblueportugal.com\/fr\/bon-a-savoir\/pourquoi-le-portugal\/8-raisons-d-aimer-le-portugal\/","title":{"rendered":"8 raisons d&#039;aimer le Portugal"},"content":{"rendered":"<div data-elementor-type=\"wp-page\" data-elementor-id=\"1312\" class=\"elementor elementor-1312\">\n\t\t\t\t\t\t<section class=\"elementor-section elementor-top-section elementor-element elementor-element-789a44f elementor-section-boxed elementor-section-height-default elementor-section-height-default\" data-id=\"789a44f\" data-element_type=\"section\" data-e-type=\"section\" data-settings=\"{&quot;background_background&quot;:&quot;classic&quot;}\">\n\t\t\t\t\t\t\t<div class=\"elementor-background-overlay\"><\/div>\n\t\t\t\t\t\t\t<div class=\"elementor-container elementor-column-gap-no\">\n\t\t\t\t\t<div class=\"elementor-column elementor-col-100 elementor-top-column elementor-element elementor-element-3d04cf8\" data-id=\"3d04cf8\" data-element_type=\"column\" data-e-type=\"column\">\n\t\t\t<div class=\"elementor-widget-wrap elementor-element-populated\">\n\t\t\t\t\t\t<div class=\"elementor-element elementor-element-9eea35b elementor-widget__width-initial elementor-widget elementor-widget-heading\" data-id=\"9eea35b\" data-element_type=\"widget\" data-e-type=\"widget\" data-widget_type=\"heading.default\">\n\t\t\t\t\t<h1 class=\"elementor-heading-title elementor-size-default\">7 raisons d&#039;aimer le Portugal<\/h1>\t\t\t\t<\/div>\n\t\t\t\t<div class=\"jet-popup-target elementor-element elementor-element-9c9b7f2 elementor-widget elementor-widget-raven-button\" data-jet-popup=\"{&quot;attached-popup&quot;:&quot;jet-popup-164&quot;,&quot;trigger-type&quot;:&quot;click-self&quot;,&quot;trigger-custom-selector&quot;:&quot;&quot;}\" data-id=\"9c9b7f2\" data-element_type=\"widget\" data-e-type=\"widget\" data-settings=\"{&quot;turn_to_popup_action_button&quot;:&quot;no&quot;}\" data-widget_type=\"raven-button.default\">\n\t\t\t\t<div class=\"elementor-widget-container\">\n\t\t\t\t\t\t\t<div class=\"raven-widget-wrapper\">\n\t\t\t<a class=\"raven-button raven-button-widget-normal-effect-none  raven-button-text-align-center raven-button-link elementor-animation-none\" href=\"https:\/\/theblueportugal.com\/fr\/contact\/\">\t\t\t\t<div class=\"raven-button-overlay\" ><\/div>\n\t\t\t\t<span class=\"raven-button-content\">\n\t\t\t\t\t\n\t\t\t\t\t<div class=\"button-text-container\">\n\t\t\t\t\t\t\t\t\t\t\t\t<div class=\"raven-button-texts-wrapper\">\n\t\t\t\t\t\t\t<div class=\"button-text\">\n\t\t\t\t\t\t\t\t<span class=\"raven-button-text\">\n\t\t\t\t\t\t\t\t\tEntrer en contact\t\t\t\t\t\t\t\t<\/span>\n\t\t\t\t\t\t\t<\/div>\n\t\t\t\t\t\t\t\t\t\t\t\t\t<\/div>\n\t\t\t\t\t\t\t\t\t\t\t<\/div>\n\t\t\t\t\t\n\t\t\t\t\t\t\t\t\t<\/span>\n\t\t\t<\/a>\t\t<\/div>\n\t\t\t\t\t\t<\/div>\n\t\t\t\t<\/div>\n\t\t\t\t\t<\/div>\n\t\t<\/div>\n\t\t\t\t\t<\/div>\n\t\t<\/section>\n\t\t\t\t<section class=\"elementor-section elementor-top-section elementor-element elementor-element-38ab69b elementor-section-boxed elementor-section-height-default elementor-section-height-default\" data-id=\"38ab69b\" data-element_type=\"section\" data-e-type=\"section\" data-settings=\"{&quot;background_background&quot;:&quot;classic&quot;}\">\n\t\t\t\t\t\t<div class=\"elementor-container elementor-column-gap-default\">\n\t\t\t\t\t<div class=\"elementor-column elementor-col-100 elementor-top-column elementor-element elementor-element-0093d04\" data-id=\"0093d04\" data-element_type=\"column\" data-e-type=\"column\">\n\t\t\t<div class=\"elementor-widget-wrap elementor-element-populated\">\n\t\t\t\t\t\t<section class=\"elementor-section elementor-inner-section elementor-element elementor-element-837a111 elementor-section-content-middle elementor-section-boxed elementor-section-height-default elementor-section-height-default\" data-id=\"837a111\" data-element_type=\"section\" data-e-type=\"section\" data-settings=\"{&quot;background_background&quot;:&quot;classic&quot;}\">\n\t\t\t\t\t\t<div class=\"elementor-container elementor-column-gap-no\">\n\t\t\t\t\t<div class=\"elementor-column elementor-col-50 elementor-inner-column elementor-element elementor-element-928f429\" data-id=\"928f429\" data-element_type=\"column\" data-e-type=\"column\">\n\t\t\t<div class=\"elementor-widget-wrap elementor-element-populated\">\n\t\t\t\t\t\t<div class=\"elementor-element elementor-element-74c4aaa elementor-widget elementor-widget-jet-headline\" data-id=\"74c4aaa\" data-element_type=\"widget\" data-e-type=\"widget\" data-widget_type=\"jet-headline.default\">\n\t\t\t\t<div class=\"elementor-widget-container\">\n\t\t\t\t\t<h2 class=\"jet-headline jet-headline--direction-horizontal\"><span class=\"jet-headline__part jet-headline__first\"><span class=\"jet-headline__label\">01<\/span><\/span><span class=\"jet-headline__part jet-headline__second\"><span class=\"jet-headline__label\">S\u00e9curit\u00e9<\/span><\/span><\/h2>\t\t\t\t<\/div>\n\t\t\t\t<\/div>\n\t\t\t\t<div class=\"elementor-element elementor-element-5d76c67 elementor-widget elementor-widget-text-editor\" data-id=\"5d76c67\" data-element_type=\"widget\" data-e-type=\"widget\" data-widget_type=\"text-editor.default\">\n\t\t\t\t\t\t\t\t\t<p>Le Portugal fait partie des 7 pays les plus s\u00fbrs au monde selon l\u2019indice mondial de la paix.<\/p>\t\t\t\t\t\t\t\t<\/div>\n\t\t\t\t\t<\/div>\n\t\t<\/div>\n\t\t\t\t<div class=\"elementor-column elementor-col-50 elementor-inner-column elementor-element elementor-element-260ccad\" data-id=\"260ccad\" data-element_type=\"column\" data-e-type=\"column\">\n\t\t\t<div class=\"elementor-widget-wrap elementor-element-populated\">\n\t\t\t\t\t\t<div class=\"elementor-element elementor-element-e5a7449 elementor-widget elementor-widget-image\" data-id=\"e5a7449\" data-element_type=\"widget\" data-e-type=\"widget\" data-widget_type=\"image.default\">\n\t\t\t\t\t\t\t\t\t\t\t\t\t\t\t<img fetchpriority=\"high\" decoding=\"async\" width=\"821\" height=\"543\" src=\"https:\/\/theblueportugal.com\/wp-content\/uploads\/2023\/06\/one-of-safest-country-in-the-world.jpg\" class=\"attachment-large size-large wp-image-2271\" alt=\"\" srcset=\"\/\/theblueportugal.com\/wp-content\/uploads\/2023\/06\/one-of-safest-country-in-the-world.jpg 821w, \/\/theblueportugal.com\/wp-content\/uploads\/2023\/06\/one-of-safest-country-in-the-world-300x198.jpg 300w, \/\/theblueportugal.com\/wp-content\/uploads\/2023\/06\/one-of-safest-country-in-the-world-768x508.jpg 768w, \/\/theblueportugal.com\/wp-content\/uploads\/2023\/06\/one-of-safest-country-in-the-world-18x12.jpg 18w\" sizes=\"(max-width: 821px) 100vw, 821px\" \/>\t\t\t\t\t\t\t\t\t\t\t\t\t\t\t<\/div>\n\t\t\t\t\t<\/div>\n\t\t<\/div>\n\t\t\t\t\t<\/div>\n\t\t<\/section>\n\t\t\t\t<section class=\"elementor-section elementor-inner-section elementor-element elementor-element-d1bb8a5 elementor-reverse-mobile elementor-section-content-middle elementor-section-boxed elementor-section-height-default elementor-section-height-default\" data-id=\"d1bb8a5\" data-element_type=\"section\" data-e-type=\"section\" data-settings=\"{&quot;background_background&quot;:&quot;classic&quot;}\">\n\t\t\t\t\t\t<div class=\"elementor-container elementor-column-gap-no\">\n\t\t\t\t\t<div class=\"elementor-column elementor-col-50 elementor-inner-column elementor-element elementor-element-ec0cce2\" data-id=\"ec0cce2\" data-element_type=\"column\" data-e-type=\"column\">\n\t\t\t<div class=\"elementor-widget-wrap elementor-element-populated\">\n\t\t\t\t\t\t<div class=\"elementor-element elementor-element-088b679 elementor-widget elementor-widget-image\" data-id=\"088b679\" data-element_type=\"widget\" data-e-type=\"widget\" data-widget_type=\"image.default\">\n\t\t\t\t\t\t\t\t\t\t\t\t\t\t\t<img decoding=\"async\" width=\"822\" height=\"543\" src=\"https:\/\/theblueportugal.com\/wp-content\/uploads\/2023\/06\/quality-of-life-and-overall-best-places-for-expat-Lisbon-.jpg\" class=\"attachment-full size-full wp-image-2270\" alt=\"\" srcset=\"\/\/theblueportugal.com\/wp-content\/uploads\/2023\/06\/quality-of-life-and-overall-best-places-for-expat-Lisbon-.jpg 822w, \/\/theblueportugal.com\/wp-content\/uploads\/2023\/06\/quality-of-life-and-overall-best-places-for-expat-Lisbon--300x198.jpg 300w, \/\/theblueportugal.com\/wp-content\/uploads\/2023\/06\/quality-of-life-and-overall-best-places-for-expat-Lisbon--768x507.jpg 768w, \/\/theblueportugal.com\/wp-content\/uploads\/2023\/06\/quality-of-life-and-overall-best-places-for-expat-Lisbon--18x12.jpg 18w\" sizes=\"(max-width: 822px) 100vw, 822px\" \/>\t\t\t\t\t\t\t\t\t\t\t\t\t\t\t<\/div>\n\t\t\t\t\t<\/div>\n\t\t<\/div>\n\t\t\t\t<div class=\"elementor-column elementor-col-50 elementor-inner-column elementor-element elementor-element-1beaf09\" data-id=\"1beaf09\" data-element_type=\"column\" data-e-type=\"column\">\n\t\t\t<div class=\"elementor-widget-wrap elementor-element-populated\">\n\t\t\t\t\t\t<div class=\"elementor-element elementor-element-e820224 elementor-widget elementor-widget-jet-headline\" data-id=\"e820224\" data-element_type=\"widget\" data-e-type=\"widget\" data-widget_type=\"jet-headline.default\">\n\t\t\t\t<div class=\"elementor-widget-container\">\n\t\t\t\t\t<h2 class=\"jet-headline jet-headline--direction-horizontal\"><span class=\"jet-headline__part jet-headline__first\"><span class=\"jet-headline__label\">02<\/span><\/span><span class=\"jet-headline__part jet-headline__second\"><span class=\"jet-headline__label\">Lisbonne<\/span><\/span><\/h2>\t\t\t\t<\/div>\n\t\t\t\t<\/div>\n\t\t\t\t<div class=\"elementor-element elementor-element-505ec14 elementor-widget elementor-widget-text-editor\" data-id=\"505ec14\" data-element_type=\"widget\" data-e-type=\"widget\" data-widget_type=\"text-editor.default\">\n\t\t\t\t\t\t\t\t\t<p><span style=\"font-weight: 400;\">Lisbonne est \u00e9galement class\u00e9e dans le top 12 mondial en termes de qualit\u00e9 de vie et parmi les meilleurs endroits o\u00f9 vivre pour les expatri\u00e9s, selon l&#039;enqu\u00eate internationale Expat Insider.<\/span><\/p>\t\t\t\t\t\t\t\t<\/div>\n\t\t\t\t\t<\/div>\n\t\t<\/div>\n\t\t\t\t\t<\/div>\n\t\t<\/section>\n\t\t\t\t<section class=\"elementor-section elementor-inner-section elementor-element elementor-element-2aff65a elementor-section-content-middle elementor-section-boxed elementor-section-height-default elementor-section-height-default\" data-id=\"2aff65a\" data-element_type=\"section\" data-e-type=\"section\" data-settings=\"{&quot;background_background&quot;:&quot;classic&quot;}\">\n\t\t\t\t\t\t<div class=\"elementor-container elementor-column-gap-no\">\n\t\t\t\t\t<div class=\"elementor-column elementor-col-50 elementor-inner-column elementor-element elementor-element-5d09716\" data-id=\"5d09716\" data-element_type=\"column\" data-e-type=\"column\">\n\t\t\t<div class=\"elementor-widget-wrap elementor-element-populated\">\n\t\t\t\t\t\t<div class=\"elementor-element elementor-element-35f9753 elementor-widget elementor-widget-jet-headline\" data-id=\"35f9753\" data-element_type=\"widget\" data-e-type=\"widget\" data-widget_type=\"jet-headline.default\">\n\t\t\t\t<div class=\"elementor-widget-container\">\n\t\t\t\t\t<h2 class=\"jet-headline jet-headline--direction-horizontal\"><span class=\"jet-headline__part jet-headline__first\"><span class=\"jet-headline__label\">03<\/span><\/span><span class=\"jet-headline__part jet-headline__second\"><span class=\"jet-headline__label\">Conviviale et familiale<\/span><\/span><\/h2>\t\t\t\t<\/div>\n\t\t\t\t<\/div>\n\t\t\t\t<div class=\"elementor-element elementor-element-b8a4920 elementor-widget elementor-widget-text-editor\" data-id=\"b8a4920\" data-element_type=\"widget\" data-e-type=\"widget\" data-widget_type=\"text-editor.default\">\n\t\t\t\t\t\t\t\t\t<p>Le Portugal est le 5\u00e8me pays le plus favorable aux familles selon une \u00e9tude de l&#039;UNICEF.<\/p>\t\t\t\t\t\t\t\t<\/div>\n\t\t\t\t\t<\/div>\n\t\t<\/div>\n\t\t\t\t<div class=\"elementor-column elementor-col-50 elementor-inner-column elementor-element elementor-element-9a7cc04\" data-id=\"9a7cc04\" data-element_type=\"column\" data-e-type=\"column\">\n\t\t\t<div class=\"elementor-widget-wrap elementor-element-populated\">\n\t\t\t\t\t\t<div class=\"elementor-element elementor-element-1859304 elementor-widget elementor-widget-image\" data-id=\"1859304\" data-element_type=\"widget\" data-e-type=\"widget\" data-widget_type=\"image.default\">\n\t\t\t\t\t\t\t\t\t\t\t\t\t\t\t<img decoding=\"async\" width=\"995\" height=\"658\" src=\"https:\/\/theblueportugal.com\/wp-content\/uploads\/2023\/06\/most-family-friendly-country-portugal-.jpg\" class=\"attachment-large size-large wp-image-2269\" alt=\"\" srcset=\"\/\/theblueportugal.com\/wp-content\/uploads\/2023\/06\/most-family-friendly-country-portugal-.jpg 995w, \/\/theblueportugal.com\/wp-content\/uploads\/2023\/06\/most-family-friendly-country-portugal--300x198.jpg 300w, \/\/theblueportugal.com\/wp-content\/uploads\/2023\/06\/most-family-friendly-country-portugal--768x508.jpg 768w, \/\/theblueportugal.com\/wp-content\/uploads\/2023\/06\/most-family-friendly-country-portugal--18x12.jpg 18w\" sizes=\"(max-width: 995px) 100vw, 995px\" \/>\t\t\t\t\t\t\t\t\t\t\t\t\t\t\t<\/div>\n\t\t\t\t\t<\/div>\n\t\t<\/div>\n\t\t\t\t\t<\/div>\n\t\t<\/section>\n\t\t\t\t<section class=\"elementor-section elementor-inner-section elementor-element elementor-element-b00ab18 elementor-reverse-mobile elementor-section-content-middle elementor-section-boxed elementor-section-height-default elementor-section-height-default\" data-id=\"b00ab18\" data-element_type=\"section\" data-e-type=\"section\" data-settings=\"{&quot;background_background&quot;:&quot;classic&quot;}\">\n\t\t\t\t\t\t<div class=\"elementor-container elementor-column-gap-no\">\n\t\t\t\t\t<div class=\"elementor-column elementor-col-50 elementor-inner-column elementor-element elementor-element-5f9f540\" data-id=\"5f9f540\" data-element_type=\"column\" data-e-type=\"column\">\n\t\t\t<div class=\"elementor-widget-wrap elementor-element-populated\">\n\t\t\t\t\t\t<div class=\"elementor-element elementor-element-ee4ada0 elementor-widget elementor-widget-image\" data-id=\"ee4ada0\" data-element_type=\"widget\" data-e-type=\"widget\" data-widget_type=\"image.default\">\n\t\t\t\t\t\t\t\t\t\t\t\t\t\t\t<img loading=\"lazy\" decoding=\"async\" width=\"893\" height=\"586\" src=\"https:\/\/theblueportugal.com\/wp-content\/uploads\/2023\/06\/woman-shopping-portugal-cheap-place-to-buy.jpg\" class=\"attachment-large size-large wp-image-2268\" alt=\"\" srcset=\"\/\/theblueportugal.com\/wp-content\/uploads\/2023\/06\/woman-shopping-portugal-cheap-place-to-buy.jpg 893w, \/\/theblueportugal.com\/wp-content\/uploads\/2023\/06\/woman-shopping-portugal-cheap-place-to-buy-300x197.jpg 300w, \/\/theblueportugal.com\/wp-content\/uploads\/2023\/06\/woman-shopping-portugal-cheap-place-to-buy-768x504.jpg 768w, \/\/theblueportugal.com\/wp-content\/uploads\/2023\/06\/woman-shopping-portugal-cheap-place-to-buy-18x12.jpg 18w\" sizes=\"(max-width: 893px) 100vw, 893px\" \/>\t\t\t\t\t\t\t\t\t\t\t\t\t\t\t<\/div>\n\t\t\t\t\t<\/div>\n\t\t<\/div>\n\t\t\t\t<div class=\"elementor-column elementor-col-50 elementor-inner-column elementor-element elementor-element-a577b22\" data-id=\"a577b22\" data-element_type=\"column\" data-e-type=\"column\">\n\t\t\t<div class=\"elementor-widget-wrap elementor-element-populated\">\n\t\t\t\t\t\t<div class=\"elementor-element elementor-element-81ffa37 elementor-widget elementor-widget-jet-headline\" data-id=\"81ffa37\" data-element_type=\"widget\" data-e-type=\"widget\" data-widget_type=\"jet-headline.default\">\n\t\t\t\t<div class=\"elementor-widget-container\">\n\t\t\t\t\t<h2 class=\"jet-headline jet-headline--direction-horizontal\"><span class=\"jet-headline__part jet-headline__first\"><span class=\"jet-headline__label\">04<\/span><\/span><span class=\"jet-headline__part jet-headline__second\"><span class=\"jet-headline__label\">Co\u00fbt de la vie<\/span><\/span><\/h2>\t\t\t\t<\/div>\n\t\t\t\t<\/div>\n\t\t\t\t<div class=\"elementor-element elementor-element-dc753a8 elementor-widget elementor-widget-text-editor\" data-id=\"dc753a8\" data-element_type=\"widget\" data-e-type=\"widget\" data-widget_type=\"text-editor.default\">\n\t\t\t\t\t\t\t\t\t<p>L&#039;un des co\u00fbts de la vie les plus abordables du monde occidental.<\/p>\t\t\t\t\t\t\t\t<\/div>\n\t\t\t\t\t<\/div>\n\t\t<\/div>\n\t\t\t\t\t<\/div>\n\t\t<\/section>\n\t\t\t\t<section class=\"elementor-section elementor-inner-section elementor-element elementor-element-cdac12b elementor-section-boxed elementor-section-height-default elementor-section-height-default\" data-id=\"cdac12b\" data-element_type=\"section\" data-e-type=\"section\" data-settings=\"{&quot;background_background&quot;:&quot;classic&quot;}\">\n\t\t\t\t\t\t<div class=\"elementor-container elementor-column-gap-no\">\n\t\t\t\t\t<div class=\"elementor-column elementor-col-50 elementor-inner-column elementor-element elementor-element-b54cbf4\" data-id=\"b54cbf4\" data-element_type=\"column\" data-e-type=\"column\">\n\t\t\t<div class=\"elementor-widget-wrap elementor-element-populated\">\n\t\t\t\t\t\t<div class=\"elementor-element elementor-element-bd30148 elementor-widget elementor-widget-jet-headline\" data-id=\"bd30148\" data-element_type=\"widget\" data-e-type=\"widget\" data-widget_type=\"jet-headline.default\">\n\t\t\t\t<div class=\"elementor-widget-container\">\n\t\t\t\t\t<h2 class=\"jet-headline jet-headline--direction-horizontal\"><span class=\"jet-headline__part jet-headline__first\"><span class=\"jet-headline__label\">05<\/span><\/span><span class=\"jet-headline__part jet-headline__second\"><span class=\"jet-headline__label\">Le plus ensoleill\u00e9<\/span><\/span><\/h2>\t\t\t\t<\/div>\n\t\t\t\t<\/div>\n\t\t\t\t<div class=\"elementor-element elementor-element-98f6eb9 elementor-widget elementor-widget-text-editor\" data-id=\"98f6eb9\" data-element_type=\"widget\" data-e-type=\"widget\" data-widget_type=\"text-editor.default\">\n\t\t\t\t\t\t\t\t\t<p>Lisbonne est la capitale la plus ensoleill\u00e9e d&#039;Europe.<\/p>\t\t\t\t\t\t\t\t<\/div>\n\t\t\t\t\t<\/div>\n\t\t<\/div>\n\t\t\t\t<div class=\"elementor-column elementor-col-50 elementor-inner-column elementor-element elementor-element-fa5b760\" data-id=\"fa5b760\" data-element_type=\"column\" data-e-type=\"column\">\n\t\t\t<div class=\"elementor-widget-wrap elementor-element-populated\">\n\t\t\t\t\t\t<div class=\"elementor-element elementor-element-9fae62e elementor-widget elementor-widget-image\" data-id=\"9fae62e\" data-element_type=\"widget\" data-e-type=\"widget\" data-widget_type=\"image.default\">\n\t\t\t\t\t\t\t\t\t\t\t\t\t\t\t<img loading=\"lazy\" decoding=\"async\" width=\"897\" height=\"587\" src=\"https:\/\/theblueportugal.com\/wp-content\/uploads\/2023\/06\/sunniest-capital-in-europe-lisbon.jpg\" class=\"attachment-large size-large wp-image-2267\" alt=\"\" srcset=\"\/\/theblueportugal.com\/wp-content\/uploads\/2023\/06\/sunniest-capital-in-europe-lisbon.jpg 897w, \/\/theblueportugal.com\/wp-content\/uploads\/2023\/06\/sunniest-capital-in-europe-lisbon-300x196.jpg 300w, \/\/theblueportugal.com\/wp-content\/uploads\/2023\/06\/sunniest-capital-in-europe-lisbon-768x503.jpg 768w, \/\/theblueportugal.com\/wp-content\/uploads\/2023\/06\/sunniest-capital-in-europe-lisbon-18x12.jpg 18w\" sizes=\"(max-width: 897px) 100vw, 897px\" \/>\t\t\t\t\t\t\t\t\t\t\t\t\t\t\t<\/div>\n\t\t\t\t\t<\/div>\n\t\t<\/div>\n\t\t\t\t\t<\/div>\n\t\t<\/section>\n\t\t\t\t<section class=\"elementor-section elementor-inner-section elementor-element elementor-element-9afa27f elementor-reverse-mobile elementor-section-content-middle elementor-section-boxed elementor-section-height-default elementor-section-height-default\" data-id=\"9afa27f\" data-element_type=\"section\" data-e-type=\"section\" data-settings=\"{&quot;background_background&quot;:&quot;classic&quot;}\">\n\t\t\t\t\t\t<div class=\"elementor-container elementor-column-gap-no\">\n\t\t\t\t\t<div class=\"elementor-column elementor-col-50 elementor-inner-column elementor-element elementor-element-b2fd218\" data-id=\"b2fd218\" data-element_type=\"column\" data-e-type=\"column\">\n\t\t\t<div class=\"elementor-widget-wrap elementor-element-populated\">\n\t\t\t\t\t\t<div class=\"elementor-element elementor-element-ef24018 elementor-widget elementor-widget-image\" data-id=\"ef24018\" data-element_type=\"widget\" data-e-type=\"widget\" data-widget_type=\"image.default\">\n\t\t\t\t\t\t\t\t\t\t\t\t\t\t\t<img loading=\"lazy\" decoding=\"async\" width=\"823\" height=\"606\" src=\"https:\/\/theblueportugal.com\/wp-content\/uploads\/2023\/06\/algarve-best-beaches-in-the-world-2023.jpg\" class=\"attachment-large size-large wp-image-2273\" alt=\"\" srcset=\"\/\/theblueportugal.com\/wp-content\/uploads\/2023\/06\/algarve-best-beaches-in-the-world-2023.jpg 823w, \/\/theblueportugal.com\/wp-content\/uploads\/2023\/06\/algarve-best-beaches-in-the-world-2023-300x221.jpg 300w, \/\/theblueportugal.com\/wp-content\/uploads\/2023\/06\/algarve-best-beaches-in-the-world-2023-768x566.jpg 768w, \/\/theblueportugal.com\/wp-content\/uploads\/2023\/06\/algarve-best-beaches-in-the-world-2023-16x12.jpg 16w\" sizes=\"(max-width: 823px) 100vw, 823px\" \/>\t\t\t\t\t\t\t\t\t\t\t\t\t\t\t<\/div>\n\t\t\t\t\t<\/div>\n\t\t<\/div>\n\t\t\t\t<div class=\"elementor-column elementor-col-50 elementor-inner-column elementor-element elementor-element-3858bac\" data-id=\"3858bac\" data-element_type=\"column\" data-e-type=\"column\">\n\t\t\t<div class=\"elementor-widget-wrap elementor-element-populated\">\n\t\t\t\t\t\t<div class=\"elementor-element elementor-element-b3d0ef7 elementor-widget elementor-widget-jet-headline\" data-id=\"b3d0ef7\" data-element_type=\"widget\" data-e-type=\"widget\" data-widget_type=\"jet-headline.default\">\n\t\t\t\t<div class=\"elementor-widget-container\">\n\t\t\t\t\t<h2 class=\"jet-headline jet-headline--direction-horizontal\"><span class=\"jet-headline__part jet-headline__first\"><span class=\"jet-headline__label\">06<\/span><\/span><span class=\"jet-headline__part jet-headline__second\"><span class=\"jet-headline__label\">Algarve<\/span><\/span><\/h2>\t\t\t\t<\/div>\n\t\t\t\t<\/div>\n\t\t\t\t<div class=\"elementor-element elementor-element-ff98c07 elementor-widget elementor-widget-text-editor\" data-id=\"ff98c07\" data-element_type=\"widget\" data-e-type=\"widget\" data-widget_type=\"text-editor.default\">\n\t\t\t\t\t\t\t\t\t<p><span style=\"font-weight: 400;\">L&#039;Algarve au Portugal a remport\u00e9 le prix de la meilleure destination baln\u00e9aire au monde selon les World Travel Awards<\/span>.<\/p>\t\t\t\t\t\t\t\t<\/div>\n\t\t\t\t\t<\/div>\n\t\t<\/div>\n\t\t\t\t\t<\/div>\n\t\t<\/section>\n\t\t\t\t<section class=\"elementor-section elementor-inner-section elementor-element elementor-element-d83565d elementor-section-content-middle elementor-section-boxed elementor-section-height-default elementor-section-height-default\" data-id=\"d83565d\" data-element_type=\"section\" data-e-type=\"section\" data-settings=\"{&quot;background_background&quot;:&quot;classic&quot;}\">\n\t\t\t\t\t\t<div class=\"elementor-container elementor-column-gap-no\">\n\t\t\t\t\t<div class=\"elementor-column elementor-col-50 elementor-inner-column elementor-element elementor-element-be938ac\" data-id=\"be938ac\" data-element_type=\"column\" data-e-type=\"column\">\n\t\t\t<div class=\"elementor-widget-wrap elementor-element-populated\">\n\t\t\t\t\t\t<div class=\"elementor-element elementor-element-3edd129 elementor-widget elementor-widget-jet-headline\" data-id=\"3edd129\" data-element_type=\"widget\" data-e-type=\"widget\" data-widget_type=\"jet-headline.default\">\n\t\t\t\t<div class=\"elementor-widget-container\">\n\t\t\t\t\t<h2 class=\"jet-headline jet-headline--direction-horizontal\"><span class=\"jet-headline__part jet-headline__first\"><span class=\"jet-headline__label\">07<\/span><\/span><span class=\"jet-headline__part jet-headline__second\"><span class=\"jet-headline__label\">Libert\u00e9 <\/span><\/span><\/h2>\t\t\t\t<\/div>\n\t\t\t\t<\/div>\n\t\t\t\t<div class=\"elementor-element elementor-element-03136af elementor-widget elementor-widget-text-editor\" data-id=\"03136af\" data-element_type=\"widget\" data-e-type=\"widget\" data-widget_type=\"text-editor.default\">\n\t\t\t\t\t\t\t\t\t<p><span style=\"font-weight: 400;\">Le Portugal obtient un score de 96 sur 100 dans le rapport sur la libert\u00e9 dans le monde, sup\u00e9rieur \u00e0 celui des \u00c9tats-Unis, du Royaume-Uni, de la France, de la Gr\u00e8ce et de l&#039;Allemagne.<\/span>.<\/p>\t\t\t\t\t\t\t\t<\/div>\n\t\t\t\t\t<\/div>\n\t\t<\/div>\n\t\t\t\t<div class=\"elementor-column elementor-col-50 elementor-inner-column elementor-element elementor-element-18a41a4\" data-id=\"18a41a4\" data-element_type=\"column\" data-e-type=\"column\">\n\t\t\t<div class=\"elementor-widget-wrap elementor-element-populated\">\n\t\t\t\t\t\t<div class=\"elementor-element elementor-element-45e8217 elementor-widget elementor-widget-image\" data-id=\"45e8217\" data-element_type=\"widget\" data-e-type=\"widget\" data-widget_type=\"image.default\">\n\t\t\t\t\t\t\t\t\t\t\t\t\t\t\t<img loading=\"lazy\" decoding=\"async\" width=\"996\" height=\"661\" src=\"https:\/\/theblueportugal.com\/wp-content\/uploads\/2023\/06\/freedom-portugal-residency-citzenship.jpg\" class=\"attachment-large size-large wp-image-2265\" alt=\"\" srcset=\"\/\/theblueportugal.com\/wp-content\/uploads\/2023\/06\/freedom-portugal-residency-citzenship.jpg 996w, \/\/theblueportugal.com\/wp-content\/uploads\/2023\/06\/freedom-portugal-residency-citzenship-300x199.jpg 300w, \/\/theblueportugal.com\/wp-content\/uploads\/2023\/06\/freedom-portugal-residency-citzenship-768x510.jpg 768w, \/\/theblueportugal.com\/wp-content\/uploads\/2023\/06\/freedom-portugal-residency-citzenship-18x12.jpg 18w\" sizes=\"(max-width: 996px) 100vw, 996px\" \/>\t\t\t\t\t\t\t\t\t\t\t\t\t\t\t<\/div>\n\t\t\t\t\t<\/div>\n\t\t<\/div>\n\t\t\t\t\t<\/div>\n\t\t<\/section>\n\t\t\t\t\t<\/div>\n\t\t<\/div>\n\t\t\t\t\t<\/div>\n\t\t<\/section>\n\t\t\t\t<\/div>","protected":false},"excerpt":{"rendered":"<p>7 reasons to love Portugal Get in touch 01Safety Portugal is in the top 7 safest countries in the World as per the Global Peace Index. 02Lisbon Lisbon is also ranked in the World top 12 for quality of life and overall best places for expat living as per the International Expat Insider Survey. 03Family [&hellip;]<\/p>\n","protected":false},"author":1,"featured_media":0,"parent":1310,"menu_order":0,"comment_status":"closed","ping_status":"closed","template":"full-width.php","meta":{"_acf_changed":false,"footnotes":""},"class_list":["post-1312","page","type-page","status-publish","hentry"],"acf":[],"_links":{"self":[{"href":"https:\/\/theblueportugal.com\/fr\/wp-json\/wp\/v2\/pages\/1312","targetHints":{"allow":["GET"]}}],"collection":[{"href":"https:\/\/theblueportugal.com\/fr\/wp-json\/wp\/v2\/pages"}],"about":[{"href":"https:\/\/theblueportugal.com\/fr\/wp-json\/wp\/v2\/types\/page"}],"author":[{"embeddable":true,"href":"https:\/\/theblueportugal.com\/fr\/wp-json\/wp\/v2\/users\/1"}],"replies":[{"embeddable":true,"href":"https:\/\/theblueportugal.com\/fr\/wp-json\/wp\/v2\/comments?post=1312"}],"version-history":[{"count":0,"href":"https:\/\/theblueportugal.com\/fr\/wp-json\/wp\/v2\/pages\/1312\/revisions"}],"up":[{"embeddable":true,"href":"https:\/\/theblueportugal.com\/fr\/wp-json\/wp\/v2\/pages\/1310"}],"wp:attachment":[{"href":"https:\/\/theblueportugal.com\/fr\/wp-json\/wp\/v2\/media?parent=1312"}],"curies":[{"name":"wp","href":"https:\/\/api.w.org\/{rel}","templated":true}]}}